{"id":11,"date":"2022-04-07T07:48:00","date_gmt":"2022-04-07T07:48:00","guid":{"rendered":"http:\/\/localhost:8888\/?page_id=11"},"modified":"2025-10-03T10:26:51","modified_gmt":"2025-10-03T10:26:51","slug":"el-festival","status":"publish","type":"page","link":"https:\/\/filmmakingforsocialchange.org\/eng\/el-festival\/","title":{"rendered":"The festival"},"content":{"rendered":"<div class=\"vc_row wpb_row vc_row-fluid\"><div class=\"wpb_column vc_column_container vc_col-sm-12\"><div class=\"vc_column-inner\"><div class=\"wpb_wrapper\">\n\t<div class=\"wpb_text_column wpb_content_element\" >\n\t\t<div class=\"wpb_wrapper\">\n\t\t\t<p data-start=\"235\" data-end=\"481\">Filmmaking for Social Change was born in 2018 from the collaboration between the Navarrese artist and documentary filmmaker <strong data-start=\"343\" data-end=\"363\">Mikel Belascoain<\/strong> and the London-based anthropologist, director of the London International Documentary Film Festival, <strong data-start=\"460\" data-end=\"478\">Patrick Hazard<\/strong>.<\/p>\n<p data-start=\"483\" data-end=\"1238\">With a small home projector and the initial support of the Hotel Maisonnave, the idea of appreciating cinema through small stories with something to say about different topics, in which the multiple edges of the human condition have always been present, began to take shape. Childhood and migrations, populisms or love and hate have been at the center of the artistic program of each edition, offering a panoramic view of different points of view through the eyes of local, national and international artists who have visited Pamplona during the festival. All these views have always shared the same spirit: the commitment to an independent, critical and open vision, with the aim of inviting reflection in the viewer.<\/p>\n<p data-start=\"1240\" data-end=\"1727\">In this edition 2025, dedicated to the theme <strong data-start=\"1279\" data-end=\"1291\">\"Future\"<\/strong>We invite the public to transit a space where cinema and art converge to confront the complex realities of our present and the often disturbing visions of what is to come. In a world marked by armed conflicts, the omnipresence of artificial intelligence and the shadow of dystopias that seem to haunt us, this festival stands as a platform for pause, dialogue and reflection.<\/p>\n<p data-start=\"1729\" data-end=\"2381\">Over the next few days we will witness stories that not only transport us to possible futures, but also illuminate the urgent challenges we face today. We will see creators address geopolitical tensions, the impact of technology on our lives, and the ways in which society adapts - or succumbs - to drastic changes. From narratives that starkly portray our current reality to poetic explorations of uncertain futures, each screening and exhibition has been carefully selected to inspire, provoke and, above all, open a critical dialogue about where we are headed.<\/p>\n<p data-start=\"2383\" data-end=\"2563\">We want to question the established, confront uncertainties and, perhaps, find in art new perspectives to navigate the complex paths that open up before us.<\/p>\n<p data-start=\"2565\" data-end=\"2688\">Year after year, this festival aims to consolidate Pamplona as a city open to creation and avant-garde art.<\/p>\n\n\t\t<\/div>\n\t<\/div>\n\n\t<div class=\"wpb_text_column wpb_content_element\" >\n\t\t<div class=\"wpb_wrapper\">\n\t\t\t<p class=\"p1\">Do you have a social, anthropological, humanistic or personal project?<\/p>\n<p class=\"p1\"><a href=\"\/eng\/contacto\/\"><b>SEND US YOUR WORK WE ARE LOOKING FORWARD TO SEEING IT<\/b><\/a><\/p>\n\n\t\t<\/div>\n\t<\/div>\n<\/div><\/div><\/div><\/div><div class=\"vc_row wpb_row vc_row-fluid\"><div class=\"wpb_column vc_column_container vc_col-sm-12\"><div class=\"vc_column-inner\"><div class=\"wpb_wrapper\">\n\t<div class=\"wpb_text_column wpb_content_element\" >\n\t\t<div class=\"wpb_wrapper\">\n\t\t\t<h3><\/h3>\n<h3 data-start=\"2695\" data-end=\"2712\">Team 2025<\/h3>\n<ul data-start=\"2714\" data-end=\"3169\">\n<li data-start=\"2714\" data-end=\"2749\">\n<p data-start=\"2716\" data-end=\"2749\"><strong data-start=\"2716\" data-end=\"2729\">Address<\/strong>Mikel Belascoain<\/p>\n<\/li>\n<li data-start=\"2750\" data-end=\"2805\">\n<p data-start=\"2752\" data-end=\"2805\"><strong data-start=\"2752\" data-end=\"2766\">Production<\/strong>: Javier Muruzabal and Mikel Belascoain<\/p>\n<\/li>\n<li data-start=\"2806\" data-end=\"2843\">\n<p data-start=\"2808\" data-end=\"2843\"><strong data-start=\"2808\" data-end=\"2825\">General support<\/strong>Paula Villamor<\/p>\n<\/li>\n<li data-start=\"2844\" data-end=\"2895\">\n<p data-start=\"2846\" data-end=\"2895\"><strong data-start=\"2846\" data-end=\"2878\">Art direction support<\/strong>: Candela Mu\u00f1oz<\/p>\n<\/li>\n<li data-start=\"2896\" data-end=\"2954\">\n<p data-start=\"2898\" data-end=\"2954\"><strong data-start=\"2898\" data-end=\"2923\">Press and communication<\/strong>Oswald Tanco and Nine Letters<\/p>\n<\/li>\n<li data-start=\"2955\" data-end=\"3004\">\n<p data-start=\"2957\" data-end=\"3004\"><strong data-start=\"2957\" data-end=\"2985\">Exhibit technical support<\/strong>: Elvis Izaguirre<\/p>\n<\/li>\n<li data-start=\"3005\" data-end=\"3047\">\n<p data-start=\"3007\" data-end=\"3047\"><strong data-start=\"3007\" data-end=\"3032\">Presentation video<\/strong>Miguel Go\u00f1i<\/p>\n<\/li>\n<li data-start=\"3048\" data-end=\"3099\">\n<p data-start=\"3050\" data-end=\"3099\"><strong data-start=\"3050\" data-end=\"3082\">Original music edition 2025<\/strong>: Holly Miranda<\/p>\n<\/li>\n<li data-start=\"3100\" data-end=\"3169\">\n<p data-start=\"3102\" data-end=\"3169\"><strong data-start=\"3102\" data-end=\"3148\">Technical support in programming and production<\/strong>: Civican Team<\/p>\n<\/li>\n<\/ul>\n\n\t\t<\/div>\n\t<\/div>\n\n\t<div class=\"wpb_text_column wpb_content_element\" >\n\t\t<div class=\"wpb_wrapper\">\n\t\t\t<p class=\"p1\">Do you have a social, anthropological, humanistic or personal project?<\/p>\n<p class=\"p1\"><a href=\"\/eng\/contacto\/\"><b>SEND US YOUR WORK WE ARE LOOKING FORWARD TO SEEING IT<\/b><\/a><\/p>\n\n\t\t<\/div>\n\t<\/div>\n<\/div><\/div><\/div><\/div><div class=\"vc_row wpb_row vc_row-fluid\"><div class=\"wpb_column vc_column_container vc_col-sm-3\"><div class=\"vc_column-inner\"><div class=\"wpb_wrapper\">\n\t<div class=\"wpb_text_column wpb_content_element\" >\n\t\t<div class=\"wpb_wrapper\">\n\t\t\t<h3>WEBSITE<\/h3>\n\n\t\t<\/div>\n\t<\/div>\n<\/div><\/div><\/div><div class=\"wpb_column vc_column_container vc_col-sm-3\"><div class=\"vc_column-inner\"><div class=\"wpb_wrapper\">\n\t<div  class=\"wpb_single_image wpb_content_element vc_align_left\">\n\t\t\n\t\t<figure class=\"wpb_wrapper vc_figure\">\n\t\t\t<div class=\"vc_single_image-wrapper   vc_box_border_grey\"><img loading=\"lazy\" decoding=\"async\" width=\"3841\" height=\"921\" src=\"https:\/\/filmmakingforsocialchange.org\/wp-content\/uploads\/2023\/05\/EN_Funded_by_the_European_Union_RGB_WHITE.png\" class=\"vc_single_image-img attachment-full\" alt=\"\" srcset=\"https:\/\/filmmakingforsocialchange.org\/wp-content\/uploads\/2023\/05\/EN_Funded_by_the_European_Union_RGB_WHITE.png 3841w, https:\/\/filmmakingforsocialchange.org\/wp-content\/uploads\/2023\/05\/EN_Funded_by_the_European_Union_RGB_WHITE-300x72.png 300w, https:\/\/filmmakingforsocialchange.org\/wp-content\/uploads\/2023\/05\/EN_Funded_by_the_European_Union_RGB_WHITE-1024x246.png 1024w, https:\/\/filmmakingforsocialchange.org\/wp-content\/uploads\/2023\/05\/EN_Funded_by_the_European_Union_RGB_WHITE-768x184.png 768w, https:\/\/filmmakingforsocialchange.org\/wp-content\/uploads\/2023\/05\/EN_Funded_by_the_European_Union_RGB_WHITE-1536x368.png 1536w, https:\/\/filmmakingforsocialchange.org\/wp-content\/uploads\/2023\/05\/EN_Funded_by_the_European_Union_RGB_WHITE-2048x491.png 2048w\" sizes=\"auto, (max-width: 3841px) 100vw, 3841px\" \/><\/div>\n\t\t<\/figure>\n\t<\/div>\n<\/div><\/div><\/div><\/div>","protected":false},"excerpt":{"rendered":"Filmmaking for Social Change nace en 2018 de la colaboraci\u00f3n entre el artista navarro y cineasta documental Mikel Belascoain y el antrop\u00f3logo londinense, director del Festival Internacional de Cine Documental de Londres, Patrick Hazard. Con un peque\u00f1o proyector casero y el apoyo inicial del Hotel Maisonnave, comenz\u00f3 a gestarse la idea de apreciar el cine [...]","protected":false},"author":1,"featured_media":0,"parent":0,"menu_order":0,"comment_status":"closed","ping_status":"closed","template":"","meta":{"footnotes":""},"class_list":["post-11","page","type-page","status-publish","hentry"],"yoast_head":"<!-- This site is optimized with the Yoast SEO plugin v27.4 - https:\/\/yoast.com\/product\/yoast-seo-wordpress\/ -->\n<title>El festival - Filmmaking for social change<\/title>\n<meta name=\"robots\" content=\"index, follow, max-snippet:-1, max-image-preview:large, max-video-preview:-1\" \/>\n<link rel=\"canonical\" href=\"https:\/\/filmmakingforsocialchange.org\/eng\/el-festival\/\" \/>\n<meta property=\"og:locale\" content=\"en_US\" \/>\n<meta property=\"og:type\" content=\"article\" \/>\n<meta property=\"og:title\" content=\"El festival - Filmmaking for social change\" \/>\n<meta property=\"og:url\" content=\"https:\/\/filmmakingforsocialchange.org\/eng\/el-festival\/\" \/>\n<meta property=\"og:site_name\" content=\"Filmmaking for social change\" \/>\n<meta property=\"article:modified_time\" content=\"2025-10-03T10:26:51+00:00\" \/>\n<meta name=\"twitter:card\" content=\"summary_large_image\" \/>\n<meta name=\"twitter:label1\" content=\"Est. reading time\" \/>\n\t<meta name=\"twitter:data1\" content=\"3 minutes\" \/>\n<script type=\"application\/ld+json\" class=\"yoast-schema-graph\">{\"@context\":\"https:\\\/\\\/schema.org\",\"@graph\":[{\"@type\":\"WebPage\",\"@id\":\"https:\\\/\\\/filmmakingforsocialchange.org\\\/el-festival\\\/\",\"url\":\"https:\\\/\\\/filmmakingforsocialchange.org\\\/el-festival\\\/\",\"name\":\"El festival - Filmmaking for social change\",\"isPartOf\":{\"@id\":\"https:\\\/\\\/filmmakingforsocialchange.org\\\/#website\"},\"datePublished\":\"2022-04-07T07:48:00+00:00\",\"dateModified\":\"2025-10-03T10:26:51+00:00\",\"breadcrumb\":{\"@id\":\"https:\\\/\\\/filmmakingforsocialchange.org\\\/el-festival\\\/#breadcrumb\"},\"inLanguage\":\"en-US\",\"potentialAction\":[{\"@type\":\"ReadAction\",\"target\":[\"https:\\\/\\\/filmmakingforsocialchange.org\\\/el-festival\\\/\"]}]},{\"@type\":\"BreadcrumbList\",\"@id\":\"https:\\\/\\\/filmmakingforsocialchange.org\\\/el-festival\\\/#breadcrumb\",\"itemListElement\":[{\"@type\":\"ListItem\",\"position\":1,\"name\":\"Portada\",\"item\":\"https:\\\/\\\/filmmakingforsocialchange.org\\\/\"},{\"@type\":\"ListItem\",\"position\":2,\"name\":\"El festival\"}]},{\"@type\":\"WebSite\",\"@id\":\"https:\\\/\\\/filmmakingforsocialchange.org\\\/#website\",\"url\":\"https:\\\/\\\/filmmakingforsocialchange.org\\\/\",\"name\":\"Filmmaking for social change\",\"description\":\"Festival de cine para el cambio social\",\"potentialAction\":[{\"@type\":\"SearchAction\",\"target\":{\"@type\":\"EntryPoint\",\"urlTemplate\":\"https:\\\/\\\/filmmakingforsocialchange.org\\\/?s={search_term_string}\"},\"query-input\":{\"@type\":\"PropertyValueSpecification\",\"valueRequired\":true,\"valueName\":\"search_term_string\"}}],\"inLanguage\":\"en-US\"}]}<\/script>\n<!-- \/ Yoast SEO plugin. -->","yoast_head_json":{"title":"The festival - Filmmaking for social change","robots":{"index":"index","follow":"follow","max-snippet":"max-snippet:-1","max-image-preview":"max-image-preview:large","max-video-preview":"max-video-preview:-1"},"canonical":"https:\/\/filmmakingforsocialchange.org\/eng\/el-festival\/","og_locale":"en_US","og_type":"article","og_title":"El festival - Filmmaking for social change","og_url":"https:\/\/filmmakingforsocialchange.org\/eng\/el-festival\/","og_site_name":"Filmmaking for social change","article_modified_time":"2025-10-03T10:26:51+00:00","twitter_card":"summary_large_image","twitter_misc":{"Est. reading time":"3 minutes"},"schema":{"@context":"https:\/\/schema.org","@graph":[{"@type":"WebPage","@id":"https:\/\/filmmakingforsocialchange.org\/el-festival\/","url":"https:\/\/filmmakingforsocialchange.org\/el-festival\/","name":"The festival - Filmmaking for social change","isPartOf":{"@id":"https:\/\/filmmakingforsocialchange.org\/#website"},"datePublished":"2022-04-07T07:48:00+00:00","dateModified":"2025-10-03T10:26:51+00:00","breadcrumb":{"@id":"https:\/\/filmmakingforsocialchange.org\/el-festival\/#breadcrumb"},"inLanguage":"en-US","potentialAction":[{"@type":"ReadAction","target":["https:\/\/filmmakingforsocialchange.org\/el-festival\/"]}]},{"@type":"BreadcrumbList","@id":"https:\/\/filmmakingforsocialchange.org\/el-festival\/#breadcrumb","itemListElement":[{"@type":"ListItem","position":1,"name":"Portada","item":"https:\/\/filmmakingforsocialchange.org\/"},{"@type":"ListItem","position":2,"name":"El festival"}]},{"@type":"WebSite","@id":"https:\/\/filmmakingforsocialchange.org\/#website","url":"https:\/\/filmmakingforsocialchange.org\/","name":"Filmmaking for social change","description":"Film Festival for Social Change","potentialAction":[{"@type":"SearchAction","target":{"@type":"EntryPoint","urlTemplate":"https:\/\/filmmakingforsocialchange.org\/?s={search_term_string}"},"query-input":{"@type":"PropertyValueSpecification","valueRequired":true,"valueName":"search_term_string"}}],"inLanguage":"en-US"}]}},"_links":{"self":[{"href":"https:\/\/filmmakingforsocialchange.org\/eng\/wp-json\/wp\/v2\/pages\/11","targetHints":{"allow":["GET"]}}],"collection":[{"href":"https:\/\/filmmakingforsocialchange.org\/eng\/wp-json\/wp\/v2\/pages"}],"about":[{"href":"https:\/\/filmmakingforsocialchange.org\/eng\/wp-json\/wp\/v2\/types\/page"}],"author":[{"embeddable":true,"href":"https:\/\/filmmakingforsocialchange.org\/eng\/wp-json\/wp\/v2\/users\/1"}],"replies":[{"embeddable":true,"href":"https:\/\/filmmakingforsocialchange.org\/eng\/wp-json\/wp\/v2\/comments?post=11"}],"version-history":[{"count":31,"href":"https:\/\/filmmakingforsocialchange.org\/eng\/wp-json\/wp\/v2\/pages\/11\/revisions"}],"predecessor-version":[{"id":449,"href":"https:\/\/filmmakingforsocialchange.org\/eng\/wp-json\/wp\/v2\/pages\/11\/revisions\/449"}],"wp:attachment":[{"href":"https:\/\/filmmakingforsocialchange.org\/eng\/wp-json\/wp\/v2\/media?parent=11"}],"curies":[{"name":"wp","href":"https:\/\/api.w.org\/{rel}","templated":true}]}}