{"id":13,"date":"2022-04-07T07:50:07","date_gmt":"2022-04-07T07:50:07","guid":{"rendered":"http:\/\/localhost:8888\/?page_id=13"},"modified":"2025-09-19T11:53:02","modified_gmt":"2025-09-19T11:53:02","slug":"escuela-de-cine","status":"publish","type":"page","link":"https:\/\/filmmakingforsocialchange.org\/eng\/escuela-de-cine\/","title":{"rendered":"Space for creation"},"content":{"rendered":"<div class=\"vc_row wpb_row vc_row-fluid\"><div class=\"wpb_column vc_column_container vc_col-sm-12\"><div class=\"vc_column-inner\"><div class=\"wpb_wrapper\">\n\t<div class=\"wpb_text_column wpb_content_element\" >\n\t\t<div class=\"wpb_wrapper\">\n\t\t\t<p class=\"p1\">The Filmmaking for Social Change festival has established itself as a festival of creation. We differentiate ourselves by our commitment to experimentation, creation and production, an area in which we have more than 12 years of experience through F\u00e1brica de Arte Nuevo. Our mission as a creative space is clear: \"we want to make films and create art\" to tell stories that make us think and can transform the way we look at our environment.<\/p>\n<p>&nbsp;<\/p>\n<p class=\"p1\">In this edition of 2025, we present a selection of projects created expressly for the festival, a reflection of our commitment to local and international talent: Futuro: A co-creation of Arte Nuevo with singer-songwriter Holly Miranda and the Chemnitz School of Music, Germany. El \u00daltimo Bicho: An \"expanded cinema\" film project created by Mikel Belascoain and Miguel Go\u00f1i and performed live by Germ\u00e1n Carrascosa. Life: The new work by artists Iv\u00e1n Gonz\u00e1lez, Izeia Encina and Alaitz Molina, supported by our Festival, which continues the work started in 2021 with the Film School project.<\/p>\n<p class=\"p1\">We also programmed projects by local artists such as Verano Nuclear by Silvia Ayerra, the research on plant intelligence by Monika Aranda and Sin Edad, by Vittoria Drago, a co-creation project with children. Films for Social Change Platform With the support of the Ministry of Culture, we launched the digital platform Films for Social Change. This initiative seeks to bring the works of past editions and the projects that we have supported from the Festival over time to a wider audience.<\/p>\n<p class=\"p1\">Filmmaking is a festival, a creative space and a window to the contemporary world.<\/p>\n\n\t\t<\/div>\n\t<\/div>\n\n\t<div class=\"wpb_text_column wpb_content_element\" >\n\t\t<div class=\"wpb_wrapper\">\n\t\t\t<p class=\"p1\">Film School Management:<\/p>\n<p class=\"gmail-p1\">New Art Factory<\/p>\n<h3 class=\"p1\"><\/h3>\n\n\t\t<\/div>\n\t<\/div>\n\n\t<div  class=\"wpb_single_image wpb_content_element vc_align_left\">\n\t\t\n\t\t<figure class=\"wpb_wrapper vc_figure\">\n\t\t\t<div class=\"vc_single_image-wrapper   vc_box_border_grey\"><img loading=\"lazy\" decoding=\"async\" width=\"1024\" height=\"683\" src=\"https:\/\/filmmakingforsocialchange.org\/wp-content\/uploads\/2025\/09\/84A1515-1024x683.jpg\" class=\"vc_single_image-img attachment-large\" alt=\"\" srcset=\"https:\/\/filmmakingforsocialchange.org\/wp-content\/uploads\/2025\/09\/84A1515-1024x683.jpg 1024w, https:\/\/filmmakingforsocialchange.org\/wp-content\/uploads\/2025\/09\/84A1515-300x200.jpg 300w, https:\/\/filmmakingforsocialchange.org\/wp-content\/uploads\/2025\/09\/84A1515-768x512.jpg 768w, https:\/\/filmmakingforsocialchange.org\/wp-content\/uploads\/2025\/09\/84A1515-1536x1024.jpg 1536w, https:\/\/filmmakingforsocialchange.org\/wp-content\/uploads\/2025\/09\/84A1515-2048x1365.jpg 2048w, https:\/\/filmmakingforsocialchange.org\/wp-content\/uploads\/2025\/09\/84A1515-18x12.jpg 18w\" sizes=\"auto, (max-width: 1024px) 100vw, 1024px\" \/><\/div>\n\t\t<\/figure>\n\t<\/div>\n<\/div><\/div><\/div><\/div><div class=\"vc_row wpb_row vc_row-fluid\"><div class=\"wpb_column vc_column_container vc_col-sm-12\"><div class=\"vc_column-inner\"><div class=\"wpb_wrapper\"><\/div><\/div><\/div><\/div>","protected":false},"excerpt":{"rendered":"El festival Filmmaking for Social Change, se ha consolidado como un festival de creaci\u00f3n. Nos diferenciamos por nuestro compromiso con la experimentaci\u00f3n, creaci\u00f3n y producci\u00f3n, un \u00e1rea en la que contamos con m\u00e1s de 12 a\u00f1os de experiencia a trav\u00e9s de F\u00e1brica de Arte Nuevo. Nuestra misi\u00f3n como espacio de creaci\u00f3n es clara: \u201cqueremos hacer [...]","protected":false},"author":1,"featured_media":0,"parent":0,"menu_order":0,"comment_status":"closed","ping_status":"closed","template":"","meta":{"footnotes":""},"class_list":["post-13","page","type-page","status-publish","hentry"],"yoast_head":"<!-- This site is optimized with the Yoast SEO plugin v27.4 - https:\/\/yoast.com\/product\/yoast-seo-wordpress\/ -->\n<title>Espacio de creaci\u00f3n - Filmmaking for social change<\/title>\n<meta name=\"robots\" content=\"index, follow, max-snippet:-1, max-image-preview:large, max-video-preview:-1\" \/>\n<link rel=\"canonical\" href=\"https:\/\/filmmakingforsocialchange.org\/eng\/escuela-de-cine\/\" \/>\n<meta property=\"og:locale\" content=\"en_US\" \/>\n<meta property=\"og:type\" content=\"article\" \/>\n<meta property=\"og:title\" content=\"Espacio de creaci\u00f3n - Filmmaking for social change\" \/>\n<meta property=\"og:url\" content=\"https:\/\/filmmakingforsocialchange.org\/eng\/escuela-de-cine\/\" \/>\n<meta property=\"og:site_name\" content=\"Filmmaking for social change\" \/>\n<meta property=\"article:modified_time\" content=\"2025-09-19T11:53:02+00:00\" \/>\n<meta name=\"twitter:card\" content=\"summary_large_image\" \/>\n<meta name=\"twitter:label1\" content=\"Est. reading time\" \/>\n\t<meta name=\"twitter:data1\" content=\"2 minutes\" \/>\n<script type=\"application\/ld+json\" class=\"yoast-schema-graph\">{\"@context\":\"https:\\\/\\\/schema.org\",\"@graph\":[{\"@type\":\"WebPage\",\"@id\":\"https:\\\/\\\/filmmakingforsocialchange.org\\\/escuela-de-cine\\\/\",\"url\":\"https:\\\/\\\/filmmakingforsocialchange.org\\\/escuela-de-cine\\\/\",\"name\":\"Espacio de creaci\u00f3n - Filmmaking for social change\",\"isPartOf\":{\"@id\":\"https:\\\/\\\/filmmakingforsocialchange.org\\\/#website\"},\"datePublished\":\"2022-04-07T07:50:07+00:00\",\"dateModified\":\"2025-09-19T11:53:02+00:00\",\"breadcrumb\":{\"@id\":\"https:\\\/\\\/filmmakingforsocialchange.org\\\/escuela-de-cine\\\/#breadcrumb\"},\"inLanguage\":\"en-US\",\"potentialAction\":[{\"@type\":\"ReadAction\",\"target\":[\"https:\\\/\\\/filmmakingforsocialchange.org\\\/escuela-de-cine\\\/\"]}]},{\"@type\":\"BreadcrumbList\",\"@id\":\"https:\\\/\\\/filmmakingforsocialchange.org\\\/escuela-de-cine\\\/#breadcrumb\",\"itemListElement\":[{\"@type\":\"ListItem\",\"position\":1,\"name\":\"Portada\",\"item\":\"https:\\\/\\\/filmmakingforsocialchange.org\\\/\"},{\"@type\":\"ListItem\",\"position\":2,\"name\":\"Espacio de creaci\u00f3n\"}]},{\"@type\":\"WebSite\",\"@id\":\"https:\\\/\\\/filmmakingforsocialchange.org\\\/#website\",\"url\":\"https:\\\/\\\/filmmakingforsocialchange.org\\\/\",\"name\":\"Filmmaking for social change\",\"description\":\"Festival de cine para el cambio social\",\"potentialAction\":[{\"@type\":\"SearchAction\",\"target\":{\"@type\":\"EntryPoint\",\"urlTemplate\":\"https:\\\/\\\/filmmakingforsocialchange.org\\\/?s={search_term_string}\"},\"query-input\":{\"@type\":\"PropertyValueSpecification\",\"valueRequired\":true,\"valueName\":\"search_term_string\"}}],\"inLanguage\":\"en-US\"}]}<\/script>\n<!-- \/ Yoast SEO plugin. -->","yoast_head_json":{"title":"Creation space - Filmmaking for social change","robots":{"index":"index","follow":"follow","max-snippet":"max-snippet:-1","max-image-preview":"max-image-preview:large","max-video-preview":"max-video-preview:-1"},"canonical":"https:\/\/filmmakingforsocialchange.org\/eng\/escuela-de-cine\/","og_locale":"en_US","og_type":"article","og_title":"Espacio de creaci\u00f3n - Filmmaking for social change","og_url":"https:\/\/filmmakingforsocialchange.org\/eng\/escuela-de-cine\/","og_site_name":"Filmmaking for social change","article_modified_time":"2025-09-19T11:53:02+00:00","twitter_card":"summary_large_image","twitter_misc":{"Est. reading time":"2 minutes"},"schema":{"@context":"https:\/\/schema.org","@graph":[{"@type":"WebPage","@id":"https:\/\/filmmakingforsocialchange.org\/escuela-de-cine\/","url":"https:\/\/filmmakingforsocialchange.org\/escuela-de-cine\/","name":"Creation space - Filmmaking for social change","isPartOf":{"@id":"https:\/\/filmmakingforsocialchange.org\/#website"},"datePublished":"2022-04-07T07:50:07+00:00","dateModified":"2025-09-19T11:53:02+00:00","breadcrumb":{"@id":"https:\/\/filmmakingforsocialchange.org\/escuela-de-cine\/#breadcrumb"},"inLanguage":"en-US","potentialAction":[{"@type":"ReadAction","target":["https:\/\/filmmakingforsocialchange.org\/escuela-de-cine\/"]}]},{"@type":"BreadcrumbList","@id":"https:\/\/filmmakingforsocialchange.org\/escuela-de-cine\/#breadcrumb","itemListElement":[{"@type":"ListItem","position":1,"name":"Portada","item":"https:\/\/filmmakingforsocialchange.org\/"},{"@type":"ListItem","position":2,"name":"Espacio de creaci\u00f3n"}]},{"@type":"WebSite","@id":"https:\/\/filmmakingforsocialchange.org\/#website","url":"https:\/\/filmmakingforsocialchange.org\/","name":"Filmmaking for social change","description":"Film Festival for Social Change","potentialAction":[{"@type":"SearchAction","target":{"@type":"EntryPoint","urlTemplate":"https:\/\/filmmakingforsocialchange.org\/?s={search_term_string}"},"query-input":{"@type":"PropertyValueSpecification","valueRequired":true,"valueName":"search_term_string"}}],"inLanguage":"en-US"}]}},"_links":{"self":[{"href":"https:\/\/filmmakingforsocialchange.org\/eng\/wp-json\/wp\/v2\/pages\/13","targetHints":{"allow":["GET"]}}],"collection":[{"href":"https:\/\/filmmakingforsocialchange.org\/eng\/wp-json\/wp\/v2\/pages"}],"about":[{"href":"https:\/\/filmmakingforsocialchange.org\/eng\/wp-json\/wp\/v2\/types\/page"}],"author":[{"embeddable":true,"href":"https:\/\/filmmakingforsocialchange.org\/eng\/wp-json\/wp\/v2\/users\/1"}],"replies":[{"embeddable":true,"href":"https:\/\/filmmakingforsocialchange.org\/eng\/wp-json\/wp\/v2\/comments?post=13"}],"version-history":[{"count":26,"href":"https:\/\/filmmakingforsocialchange.org\/eng\/wp-json\/wp\/v2\/pages\/13\/revisions"}],"predecessor-version":[{"id":426,"href":"https:\/\/filmmakingforsocialchange.org\/eng\/wp-json\/wp\/v2\/pages\/13\/revisions\/426"}],"wp:attachment":[{"href":"https:\/\/filmmakingforsocialchange.org\/eng\/wp-json\/wp\/v2\/media?parent=13"}],"curies":[{"name":"wp","href":"https:\/\/api.w.org\/{rel}","templated":true}]}}